{"id":7,"date":"2021-04-18T15:12:31","date_gmt":"2021-04-18T13:12:31","guid":{"rendered":"http:\/\/cigalesmetaitcompte.fr\/?page_id=7"},"modified":"2021-04-18T16:19:33","modified_gmt":"2021-04-18T14:19:33","slug":"a-propos-de","status":"publish","type":"page","link":"https:\/\/cigalesmetaitcompte.fr\/?page_id=7","title":{"rendered":"\u00c0 propos de"},"content":{"rendered":"\n<p>&#8220;Cigales m&#8217;\u00e9tait compt\u00e9&#8221; est un club d&#8217;investisseurs li\u00e9s au concept des CIGALES. Originaire de Metz et de son agglom\u00e9ration, nous accompagnons des acteurs de l&#8217;\u00e9conomie sociale, locale et solidaires \u00e0 lancer leur projet, tant d&#8217;un point de vue financier que de soutien humain. <\/p>\n","protected":false},"excerpt":{"rendered":"<p>&#8220;Cigales m&#8217;\u00e9tait compt\u00e9&#8221; est un club d&#8217;investisseurs li\u00e9s au concept des CIGALES. Originaire de Metz et de son agglom\u00e9ration, nous accompagnons des acteurs de l&#8217;\u00e9conomie sociale, locale et solidaires \u00e0 lancer leur projet, tant d&#8217;un point de vue financier que de soutien humain.<\/p>\n","protected":false},"author":1,"featured_media":0,"parent":0,"menu_order":0,"comment_status":"closed","ping_status":"closed","template":"","meta":[],"_links":{"self":[{"href":"https:\/\/cigalesmetaitcompte.fr\/index.php?rest_route=\/wp\/v2\/pages\/7"}],"collection":[{"href":"https:\/\/cigalesmetaitcompte.fr\/index.php?rest_route=\/wp\/v2\/pages"}],"about":[{"href":"https:\/\/cigalesmetaitcompte.fr\/index.php?rest_route=\/wp\/v2\/types\/page"}],"author":[{"embeddable":true,"href":"https:\/\/cigalesmetaitcompte.fr\/index.php?rest_route=\/wp\/v2\/users\/1"}],"replies":[{"embeddable":true,"href":"https:\/\/cigalesmetaitcompte.fr\/index.php?rest_route=%2Fwp%2Fv2%2Fcomments&post=7"}],"version-history":[{"count":2,"href":"https:\/\/cigalesmetaitcompte.fr\/index.php?rest_route=\/wp\/v2\/pages\/7\/revisions"}],"predecessor-version":[{"id":61,"href":"https:\/\/cigalesmetaitcompte.fr\/index.php?rest_route=\/wp\/v2\/pages\/7\/revisions\/61"}],"wp:attachment":[{"href":"https:\/\/cigalesmetaitcompte.fr\/index.php?rest_route=%2Fwp%2Fv2%2Fmedia&parent=7"}],"curies":[{"name":"wp","href":"https:\/\/api.w.org\/{rel}","templated":true}]}}